{"id":10,"date":"2019-03-26T02:17:31","date_gmt":"2019-03-26T02:17:31","guid":{"rendered":"https:\/\/chloeguillemet.com\/?page_id=463"},"modified":"2024-03-05T18:15:11","modified_gmt":"2024-03-05T17:15:11","slug":"blog","status":"publish","type":"page","link":"https:\/\/www.chloepiscopello.com\/?page_id=10","title":{"rendered":"Mentions L\u00e9gales"},"content":{"rendered":"<div class=\"bm-builder clearfix \"><div id=\"\" class=\"module col-12 module-id-1553566675794\" data-module-col=\"12\"><div class=\"module-inside text-inside\" style=\"--top-mod: 0px;--bottom-mod: 20px;--top-mod-t: 0px;--bottom-mod-t: 20px;--top-mod-m:0px;--bottom-mod-m:10px;\" ><div class=\"text_block_out\"  data-effect=\"standard\" style=\"\"><div class=\"text_block ux-mod-nobg\"><div class=\"text_block_inn\"><div id=\"text-1553566675794\" class=\"text_block_centered text_block_centered_enable_width\"  style=\"\"><h1 style=\"line-height: 1.3;\"><span style=\"font-size: 46px;\">Mentions L\u00e9gales<\/span><\/h1><\/div><\/div><\/div><\/div><\/div><\/div><div id=\"\" class=\"module col-8 module-id-1709657205876\" data-module-col=\"8\"><div class=\"module-inside text-inside\" style=\"--top-mod: 60px;--bottom-mod: 0px;--top-mod-t: 60px;--bottom-mod-t: 0px;--top-mod-m:30px;--bottom-mod-m:0px;\" ><div class=\"text_block_out\"  data-effect=\"standard\" style=\"\"><div class=\"text_block ux-mod-nobg\"><div class=\"text_block_inn\"><div id=\"text-1709657205876\" class=\"text_block_centered text_block_centered_enable_width\"  style=\"\"><p><span style=\"font-size: 20px;\" data-msize=\"14px\"><strong>H\u00c9BERGEUR<\/strong><\/span><\/p>\n<p><span style=\"font-size: 20px;\" data-msize=\"14px\">Ce site est h\u00e9berg\u00e9 par OVH SAS 2 rue Kellermann &#8211; 59100 Roubaix &#8211; France<\/span><\/p>\n<p><span style=\"font-size: 20px;\" data-msize=\"14px\">\u200d<\/span><\/p>\n<p><span style=\"font-size: 20px;\" data-msize=\"14px\"><strong>RAISON SOCIALE<\/strong><\/span><\/p>\n<p><span style=\"font-size: 20px;\" data-msize=\"14px\">MADAME CHLOE PISCOPELLO \u00b7 EI<\/span><\/p>\n<p>&nbsp;<\/p><\/div><\/div><\/div><\/div><\/div><\/div><div id=\"\" class=\"module col-0 module-id-1553566676261\" data-module-col=\"0\"><div class=\"module-inside grid-inside\" style=\"--top-mod: 40px;--bottom-mod: 80px;--top-mod-t: 40px;--bottom-mod-t: 80px;--top-mod-m:20px;--bottom-mod-m:0px;\" ><div class=\"container-masonry ux-portfolio-2col  ux-portfolio-full ux-has-filter   \" data-ratio=\"\" data-col=\"2\" data-found=\"0\" data-number=\"999\" data-mod=\"grid\"><div class=\"masonry-list grid-list clearfix grid-list-1553566676261 grid-list-tit-shown    masonry-auto mouseover-no-effect    \"  data-unique=\"1553566676261\" data-source=\"post\" data-spaceh=\"60\" data-spacev=\"80\" data-spaceh-m=\"10\" data-spacev-m=\"20\" data-col=\"2\" data-col-m=\"1\"><\/div><\/div><\/div><\/div><\/div>","protected":false},"excerpt":{"rendered":"<p>Mentions L\u00e9galesH\u00c9BERGEUR Ce site est h\u00e9berg\u00e9 par OVH SAS 2 &hellip;<\/p>\n","protected":false},"author":1,"featured_media":0,"parent":0,"menu_order":0,"comment_status":"closed","ping_status":"closed","template":"","meta":{"inline_featured_image":false,"footnotes":""},"class_list":["post-10","page","type-page","status-publish","hentry"],"_links":{"self":[{"href":"https:\/\/www.chloepiscopello.com\/index.php?rest_route=\/wp\/v2\/pages\/10","targetHints":{"allow":["GET"]}}],"collection":[{"href":"https:\/\/www.chloepiscopello.com\/index.php?rest_route=\/wp\/v2\/pages"}],"about":[{"href":"https:\/\/www.chloepiscopello.com\/index.php?rest_route=\/wp\/v2\/types\/page"}],"author":[{"embeddable":true,"href":"https:\/\/www.chloepiscopello.com\/index.php?rest_route=\/wp\/v2\/users\/1"}],"replies":[{"embeddable":true,"href":"https:\/\/www.chloepiscopello.com\/index.php?rest_route=%2Fwp%2Fv2%2Fcomments&post=10"}],"version-history":[{"count":1,"href":"https:\/\/www.chloepiscopello.com\/index.php?rest_route=\/wp\/v2\/pages\/10\/revisions"}],"predecessor-version":[{"id":609,"href":"https:\/\/www.chloepiscopello.com\/index.php?rest_route=\/wp\/v2\/pages\/10\/revisions\/609"}],"wp:attachment":[{"href":"https:\/\/www.chloepiscopello.com\/index.php?rest_route=%2Fwp%2Fv2%2Fmedia&parent=10"}],"curies":[{"name":"wp","href":"https:\/\/api.w.org\/{rel}","templated":true}]}}