{"id":45,"date":"2019-03-26T04:37:18","date_gmt":"2019-03-26T04:37:18","guid":{"rendered":"https:\/\/chloeguillemet.com\/?page_id=480"},"modified":"2025-10-26T17:17:23","modified_gmt":"2025-10-26T16:17:23","slug":"about","status":"publish","type":"page","link":"https:\/\/www.chloepiscopello.com\/?page_id=45","title":{"rendered":"\u00e0 propos de moi"},"content":{"rendered":"<div class=\"bm-builder clearfix \"><div id=\"\" class=\"module col-10 module-id-1553575059933 bm-wrap row-top row-right bm-wrap-height-auto\" data-module-col=\"10\" data-change-color=\"off\" data-backcolor=\"transparent\" data-frontcolor=\"\" data-logocolor=\"\" data-goto-top=\"off\" data-goto-top-spacing=\"0\" data-goto-disable-m=\"off\" data-groupsameheight=\"off\"><div class=\"module-inside group-inside\" style=\"--cornerRadius:0px 0px 0px 0px ; --top-mod: 160px;--bottom-mod: 120px;--top-mod-t: 160px;--bottom-mod-t: 120px;--top-mod-m:80px;--bottom-mod-m:20px;\" ><div id=\"\" class=\"module col-4 module-id-1553575061363 col-offset-6\" data-module-col=\"4\"><div class=\"module-inside text-inside\" style=\"--top-mod: 0px;--bottom-mod: 0px;--top-mod-t: 0px;--bottom-mod-t: 0px;--top-mod-m:0px;--bottom-mod-m:0px;\" ><div class=\"text_block_out\"  data-effect=\"standard\" style=\"\"><div class=\"text_block ux-mod-nobg\"><div class=\"text_block_inn\"><div id=\"text-1553575061363\" class=\"text_block_centered text_block_centered_enable_width\"  style=\"\"><p class=\"p1\"><span style=\"font-size: 17px;\" data-msize=\"13px\">Form\u00e9e aux Arts Graphiques au lyc\u00e9e Maximilien Vox Paris, c\u2019est durant mon cursus aux Beaux-Arts de Paris que je me consacre \u00e0 la photographie et \u00e0 ma pratique picturale. <\/span><span style=\"font-size: 17px;\" data-msize=\"13px\">D\u00e9sireuse d&rsquo;ajouter le num\u00e9rique \u00e0 mes cordes cr\u00e9atives, c\u2019est \u00e0 l\u2019ESMA Montpellier o\u00f9 j&rsquo;\u00e9tudie les techniques de l\u2019animation 2D\/3D. J&rsquo;y aborde les questions de la narration, du mouvement et de la fiction qui viennent aujourd&rsquo;hui nourrir ma pratique.<\/span><\/p>\n<p class=\"p1\">&nbsp;<\/p>\n<p class=\"p1\"><span style=\"font-size: 17px;\" data-msize=\"13px\">Mon travail se d\u00e9marque et se mat\u00e9rialise aussi bien sous forme de dessin, de graphisme, de collage, de peinture classique ou num\u00e9rique, sur des supports traditionnels ou issus de nouveaux m\u00e9dias.<\/span><\/p>\n<p>&nbsp;<\/p>\n<p class=\"p1\"><span style=\"font-size: 17px;\" data-msize=\"13px\">Je porte un attachement tout particulier \u00e0 la dimension po\u00e9tique des images en mettant toujours au c\u0153ur de mes cr\u00e9ations la recherche de sens et d&rsquo;une esth\u00e9tique affirm\u00e9e.<\/span><\/p><\/div><\/div><\/div><\/div><\/div><\/div><\/div><\/div><div id=\"\" class=\"module col-5 module-id-1553575066964 bm-wrap row-middle row-equal_spacing_h bm-wrap-height-auto col-offset-6\" data-module-col=\"5\" data-change-color=\"off\" data-backcolor=\"transparent\" data-frontcolor=\"\" data-logocolor=\"\" data-goto-top=\"off\" data-goto-top-spacing=\"0\" data-goto-disable-m=\"off\" data-groupsameheight=\"off\"><div class=\"module-inside group-inside\" style=\"--cornerRadius:0px 0px 0px 0px ; --top-mod: 0px;--bottom-mod: 80px;--top-mod-t: 0px;--bottom-mod-t: 80px;--top-mod-m:0px;--bottom-mod-m:40px;\" ><\/div><\/div><\/div>","protected":false},"excerpt":{"rendered":"<p>Form\u00e9e aux Arts Graphiques au lyc\u00e9e Maximilien Vox Paris, c\u2019est &hellip;<\/p>\n","protected":false},"author":1,"featured_media":0,"parent":0,"menu_order":0,"comment_status":"closed","ping_status":"closed","template":"","meta":{"inline_featured_image":false,"footnotes":""},"class_list":["post-45","page","type-page","status-publish","hentry"],"_links":{"self":[{"href":"https:\/\/www.chloepiscopello.com\/index.php?rest_route=\/wp\/v2\/pages\/45","targetHints":{"allow":["GET"]}}],"collection":[{"href":"https:\/\/www.chloepiscopello.com\/index.php?rest_route=\/wp\/v2\/pages"}],"about":[{"href":"https:\/\/www.chloepiscopello.com\/index.php?rest_route=\/wp\/v2\/types\/page"}],"author":[{"embeddable":true,"href":"https:\/\/www.chloepiscopello.com\/index.php?rest_route=\/wp\/v2\/users\/1"}],"replies":[{"embeddable":true,"href":"https:\/\/www.chloepiscopello.com\/index.php?rest_route=%2Fwp%2Fv2%2Fcomments&post=45"}],"version-history":[{"count":3,"href":"https:\/\/www.chloepiscopello.com\/index.php?rest_route=\/wp\/v2\/pages\/45\/revisions"}],"predecessor-version":[{"id":805,"href":"https:\/\/www.chloepiscopello.com\/index.php?rest_route=\/wp\/v2\/pages\/45\/revisions\/805"}],"wp:attachment":[{"href":"https:\/\/www.chloepiscopello.com\/index.php?rest_route=%2Fwp%2Fv2%2Fmedia&parent=45"}],"curies":[{"name":"wp","href":"https:\/\/api.w.org\/{rel}","templated":true}]}}