{"id":7,"date":"2019-03-25T06:54:29","date_gmt":"2019-03-25T06:54:29","guid":{"rendered":"https:\/\/chloeguillemet.com\/?page_id=412"},"modified":"2025-10-10T13:20:13","modified_gmt":"2025-10-10T11:20:13","slug":"creative-1","status":"publish","type":"page","link":"https:\/\/www.chloepiscopello.com\/","title":{"rendered":"Creative 1"},"content":{"rendered":"<div class=\"bm-builder clearfix \"><div id=\"\" class=\"module col-6 module-id-1758747251458 col-offset-3\" data-module-col=\"6\"><div class=\"module-inside text-inside\" style=\"--top-mod: 0px;--bottom-mod: 0px;--top-mod-t: 0px;--bottom-mod-t: 0px;--top-mod-m:0px;--bottom-mod-m:0px;\" ><div class=\"text_block_out\"  data-effect=\"standard\" style=\"\"><div class=\"text_block ux-mod-nobg\"><div class=\"text_block_inn\"><div id=\"text-1758747251458\" class=\"text_block_centered text_block_centered_enable_width\"  style=\"\"><p>&nbsp; &nbsp; &nbsp;<\/p><\/div><\/div><\/div><\/div><\/div><\/div><div id=\"\" class=\"module col-6 module-id-1758749323384S8U6S col-offset-3\" data-module-col=\"6\"><div class=\"module-inside text-inside\" style=\"--top-mod: 160px;--bottom-mod: 79px;--top-mod-t: 160px;--bottom-mod-t: 80px;--top-mod-m:80px;--bottom-mod-m:40px;\" ><div class=\"text_block_out\"  data-effect=\"standard\" style=\"\"><div class=\"text_block ux-mod-nobg\"><div class=\"text_block_inn\"><div id=\"text-1758749323384S8U6S\" class=\"text_block_centered text_block_centered_enable_width\"  style=\"\"><h2 style=\"text-align: center;\">Chlo\u00e9 Piscopello<\/h2>\n<p style=\"text-align: center;\">Animation mix m\u00e9dia \u2727 Peinture \u2727 Illustration \u2727 Design Graphique<\/p><\/div><\/div><\/div><\/div><\/div><\/div><div id=\"\" class=\"module col-6 module-id-1758746301975 col-offset-3\" data-module-col=\"6\"><div class=\"module-inside single-image-inside\" style=\"--cornerRadius:0px 0px 0px 0px ; --top-mod: 0px;--bottom-mod: 379px;--top-mod-t: 0px;--bottom-mod-t: 380px;--top-mod-m:0px;--bottom-mod-m:190px;\" ><div class=\"single-image-out  \"  ><figure class=\"single-image   single-image-full   \" no><div class=\"ux-hover-wrap anima-wrap\" style=\"padding-top: 80%;\"><span class=\"ux-hover-wrap-a\"><img loading=\"lazy\" decoding=\"async\" alt=\"\" class=\"single-image-img img1st lazy \" src=\"data:image\/gif;base64,R0lGODlhAQABAIAAAAAAAP\/\/\/yH5BAEAAAAALAAAAAABAAEAAAIBRAA7\" data-src=\"https:\/\/www.chloepiscopello.com\/wp-content\/uploads\/2024\/03\/Autoportrait-7_2.gif\" data-srcset=\"\" data-sizes=\"(max-width: 480px) 320px,(max-width: 767px) 500px,(max-width: 700px) 100vw, 700px\" width=\"700\" height=\"560\" \/><\/span><\/div><\/figure><\/div><\/div><\/div><font style=\"vertical-align: inherit;\"><font style=\"vertical-align: inherit;\"><div id=\"\" class=\"module col-0 module-id-1553496906651\" data-module-col=\"0\"><div class=\"module-inside text-inside\" style=\"--top-mod: 0px;--bottom-mod: 0px;--top-mod-t: 0px;--bottom-mod-t: 0px;--top-mod-m:0px;--bottom-mod-m:0px;\" ><div class=\"text_block_out\"  data-effect=\"standard\" style=\"\"><div class=\"text_block ux-mod-nobg\"><div class=\"text_block_inn\"><div id=\"text-1553496906651\" class=\"text_block_centered text_block_centered_enable_width\"  style=\"\"><\/font><\/font><h4 style=\"text-align: center;\"><span style=\"font-size: 17px;\" data-msize=\"17px\" data-tsize=\"15px\"><a class=\"\" href=\"https:\/\/chloeguillemet.com\/?page_id=18\" target=\"_blank\" rel=\"noopener\"><font style=\"vertical-align: inherit;\"><font style=\"vertical-align: inherit;\">Contact<\/font><\/font><\/a><\/span><\/h4><font style=\"vertical-align: inherit;\"><font style=\"vertical-align: inherit;\"><\/div><\/div><\/div><\/div><\/div><\/div><\/font><\/font><font style=\"vertical-align: inherit;\"><font style=\"vertical-align: inherit;\"><div id=\"\" class=\"module col-12 module-id-1553496904826\" data-module-col=\"12\"><div class=\"module-inside text-inside\" style=\"--top-mod: 0px;--bottom-mod: 0px;--top-mod-t: 0px;--bottom-mod-t: 0px;--top-mod-m:0px;--bottom-mod-m:0px;\" ><div class=\"text_block_out\"  data-effect=\"standard\" style=\"\"><div class=\"text_block ux-mod-nobg\"><div class=\"text_block_inn\"><div id=\"text-1553496904826\" class=\"text_block_centered text_block_centered_enable_width\"  style=\"\"><\/font><\/font><h6 style=\"text-align: center;\"><span data-msize=\"12px\"><a class=\"\" href=\"https:\/\/chloeguillemet.com\/?page_id=10\" target=\"_blank\" rel=\"noopener\"><font style=\"vertical-align: inherit;\"><font style=\"vertical-align: inherit;\">Mentions L\u00e9gales<\/font><\/font><\/a><\/span><\/h6><font style=\"vertical-align: inherit;\"><font style=\"vertical-align: inherit;\"><\/div><\/div><\/div><\/div><\/div><\/div><\/font><\/font><font style=\"vertical-align: inherit;\"><font style=\"vertical-align: inherit;\"><div id=\"\" class=\"module col-12 module-id-1709659248295SL57c\" data-module-col=\"12\"><div class=\"module-inside text-inside\" style=\"--top-mod: 0px;--bottom-mod: 60px;--top-mod-t: 0px;--bottom-mod-t: 60px;--top-mod-m:0px;--bottom-mod-m:30px;\" ><div class=\"text_block_out\"  data-effect=\"standard\" style=\"\"><div class=\"text_block ux-mod-nobg\"><div class=\"text_block_inn\"><div id=\"text-1709659248295SL57c\" class=\"text_block_centered text_block_centered_enable_width\"  style=\"\"><\/font><\/font><h6 style=\"text-align: center;\"><span data-msize=\"12px\" data-tsize=\"12px\"><font style=\"vertical-align: inherit;\"><font style=\"vertical-align: inherit;\">2024 \u00a9 Chlo\u00e9 Guillemet. Tous droits r\u00e9serv\u00e9s <\/font><\/font><\/span><br><span data-msize=\"12px\" data-tsize=\"12px\"><font style=\"vertical-align: inherit;\"><font style=\"vertical-align: inherit;\">Site web par Chlo\u00e9 Guillemet<\/font><\/font><\/span><\/h6><font style=\"vertical-align: inherit;\"><font style=\"vertical-align: inherit;\"><\/div><\/div><\/div><\/div><\/div><\/div><\/font><\/font><\/div>","protected":false},"excerpt":{"rendered":"<p>&nbsp; &nbsp; &nbsp;Chlo\u00e9 Piscopello Animation mix m\u00e9dia \u2727 Peinture \u2727 &hellip;<\/p>\n","protected":false},"author":1,"featured_media":727,"parent":0,"menu_order":0,"comment_status":"closed","ping_status":"closed","template":"","meta":{"inline_featured_image":false,"footnotes":""},"class_list":["post-7","page","type-page","status-publish","has-post-thumbnail","hentry"],"_links":{"self":[{"href":"https:\/\/www.chloepiscopello.com\/index.php?rest_route=\/wp\/v2\/pages\/7","targetHints":{"allow":["GET"]}}],"collection":[{"href":"https:\/\/www.chloepiscopello.com\/index.php?rest_route=\/wp\/v2\/pages"}],"about":[{"href":"https:\/\/www.chloepiscopello.com\/index.php?rest_route=\/wp\/v2\/types\/page"}],"author":[{"embeddable":true,"href":"https:\/\/www.chloepiscopello.com\/index.php?rest_route=\/wp\/v2\/users\/1"}],"replies":[{"embeddable":true,"href":"https:\/\/www.chloepiscopello.com\/index.php?rest_route=%2Fwp%2Fv2%2Fcomments&post=7"}],"version-history":[{"count":1,"href":"https:\/\/www.chloepiscopello.com\/index.php?rest_route=\/wp\/v2\/pages\/7\/revisions"}],"predecessor-version":[{"id":459,"href":"https:\/\/www.chloepiscopello.com\/index.php?rest_route=\/wp\/v2\/pages\/7\/revisions\/459"}],"wp:featuredmedia":[{"embeddable":true,"href":"https:\/\/www.chloepiscopello.com\/index.php?rest_route=\/wp\/v2\/media\/727"}],"wp:attachment":[{"href":"https:\/\/www.chloepiscopello.com\/index.php?rest_route=%2Fwp%2Fv2%2Fmedia&parent=7"}],"curies":[{"name":"wp","href":"https:\/\/api.w.org\/{rel}","templated":true}]}}